{"id":202,"date":"2024-01-30T12:20:10","date_gmt":"2024-01-30T11:20:10","guid":{"rendered":"https:\/\/www.transportesvitrans.com\/?page_id=202"},"modified":"2024-04-03T09:25:25","modified_gmt":"2024-04-03T07:25:25","slug":"politica-proteccion-datos","status":"publish","type":"page","link":"https:\/\/www.transportesvitrans.com\/en\/politica-proteccion-datos\/","title":{"rendered":"POLITICA PROTECCION DATOS"},"content":{"rendered":"<p>[et_pb_section fb_built=\u00bb1&#8243; admin_label=\u00bb Get a Quote\u00bb _builder_version=\u00bb4.16&#8243; custom_padding=\u00bb20px|0px|20px|0px|true|false\u00bb animation_style=\u00bbslide\u00bb animation_direction=\u00bbtop\u00bb animation_intensity_slide=\u00bb10%\u00bb box_shadow_style=\u00bbpreset3&#8243; box_shadow_vertical=\u00bb10px\u00bb box_shadow_blur=\u00bb105px\u00bb box_shadow_spread=\u00bb0px\u00bb box_shadow_color=\u00bbrgba(0,0,0,0.12)\u00bb global_colors_info=\u00bb{}\u00bb][et_pb_row column_structure=\u00bb3_4,1_4&#8243; _builder_version=\u00bb4.16&#8243; background_color=\u00bb#ffffff\u00bb custom_margin=\u00bb|auto|-21px|auto||\u00bb custom_padding=\u00bb8px||16px|||\u00bb global_colors_info=\u00bb{}\u00bb][et_pb_column type=\u00bb3_4&#8243; _builder_version=\u00bb4.16&#8243; custom_padding=\u00bb|||\u00bb global_colors_info=\u00bb{}\u00bb custom_padding__hover=\u00bb|||\u00bb][et_pb_text _builder_version=\u00bb4.21.0&#8243; header_font=\u00bb||||||||\u00bb header_2_font=\u00bbRubik|700|||||||\u00bb header_2_text_color=\u00bb#348C26&#8243; header_2_font_size=\u00bb42px\u00bb header_2_line_height=\u00bb1.2em\u00bb custom_margin=\u00bb||5px|||\u00bb header_2_font_size_tablet=\u00bb\u00bb header_2_font_size_phone=\u00bb36px\u00bb header_2_font_size_last_edited=\u00bbon|phone\u00bb global_colors_info=\u00bb{}\u00bb]<\/p>\n<h2 style=\"text-align: right;\">Pol\u00edtica de protecci\u00f3n de datos<\/h2>\n<p>[\/et_pb_text][\/et_pb_column][et_pb_column type=\u00bb1_4&#8243; _builder_version=\u00bb4.16&#8243; custom_padding=\u00bb|||\u00bb global_colors_info=\u00bb{}\u00bb custom_padding__hover=\u00bb|||\u00bb][\/et_pb_column][\/et_pb_row][\/et_pb_section][et_pb_section fb_built=\u00bb1&#8243; _builder_version=\u00bb4.21.0&#8243; _module_preset=\u00bbdefault\u00bb global_colors_info=\u00bb{}\u00bb][et_pb_row _builder_version=\u00bb4.21.0&#8243; _module_preset=\u00bbdefault\u00bb global_colors_info=\u00bb{}\u00bb][et_pb_column type=\u00bb4_4&#8243; _builder_version=\u00bb4.21.0&#8243; _module_preset=\u00bbdefault\u00bb global_colors_info=\u00bb{}\u00bb][et_pb_text _builder_version=\u00bb4.21.0&#8243; _module_preset=\u00bbdefault\u00bb hover_enabled=\u00bb0&#8243; global_colors_info=\u00bb{}\u00bb text_font_size=\u00bb21px\u00bb text_line_height=\u00bb1.8em\u00bb sticky_enabled=\u00bb0&#8243;]<\/p>\n<p>Datos del responsable del tratamiento:<br \/>Identidad: Victor Barrio Gallo &#8211; NIF: 72047005B<br \/>Direcci\u00f3n postal: C\/ Bra\u00f1avieja 12, 39212 Nestares (Cantabria)<br \/>Tel\u00e9fono: 676801403 &#8211; Correo electr\u00f3nico: Info@transportesvitrans.com<br \/>\u201cEn Victor Barrio Gallo tratamos la informaci\u00f3n que nos facilita con el fin de prestarles el servicio solicitado y realizar su facturaci\u00f3n. Los datos proporcionados se conservar\u00e1n mientras se mantenga la relaci\u00f3n comercial o durante el tiempo necesario para cumplir con las obligaciones legales y atender las posibles responsabilidades que pudieran derivar del cumplimiento de la finalidad para la que los datos fueron recabados. Los datos no se ceder\u00e1n a terceros salvo en los casos en que exista una obligaci\u00f3n legal. Usted tiene derecho a obtener informaci\u00f3n sobre si en Victor Barrio Gallo estamos tratando sus datos personales, por lo que puede ejercer sus derechos de acceso, rectificaci\u00f3n, supresi\u00f3n y portabilidad de datos y oposici\u00f3n y limitaci\u00f3n a su tratamiento ante Victor Barrio Gallo, C\/ Bra\u00f1avieja 12, 39212 Nestares (Cantabria) o en la direcci\u00f3n electr\u00f3nica Info@transportesvitrans.com \/ administraci\u00f3n@transportesvitrans.com, identific\u00e1ndose suficientemente en su solicitud por medios electr\u00f3nicos o, en su defecto, mediante solicitud debidamente firmada. No obstante, si el responsable del tratamiento tuviese dudas razonables en relaci\u00f3n con la identidad de la persona f\u00edsica que cursa la solicitud podr\u00e1 solicitar que se facilite informaci\u00f3n adicional necesaria para confirmar su identidad. Asimismo, y especialmente si considera que no ha obtenido satisfacci\u00f3n plena en el ejercicio de sus derechos, podr\u00e1 presentar una reclamaci\u00f3n ante la autoridad nacional de control dirigi\u00e9ndose a estos efectos a la Agencia Espa\u00f1ola de Protecci\u00f3n de Datos, C\/ Jorge Juan, 6 \u2013 28001 Madrid.<\/p>\n<p>[\/et_pb_text][\/et_pb_column][\/et_pb_row][\/et_pb_section]<\/p>","protected":false},"excerpt":{"rendered":"<p>Pol\u00edtica de protecci\u00f3n de datosDatos del responsable del tratamiento:Identidad: Victor Barrio Gallo &#8211; NIF: 72047005BDirecci\u00f3n postal: C\/ Bra\u00f1avieja 12, 39212 Nestares (Cantabria)Tel\u00e9fono: 676801403 &#8211; Correo electr\u00f3nico: Info@transportesvitrans.com\u201cEn Victor Barrio Gallo tratamos la informaci\u00f3n que nos facilita con el fin de prestarles el servicio solicitado y realizar su facturaci\u00f3n. Los datos proporcionados se conservar\u00e1n mientras se [&hellip;]<\/p>","protected":false},"author":1,"featured_media":0,"parent":0,"menu_order":0,"comment_status":"closed","ping_status":"closed","template":"","meta":{"_et_pb_use_builder":"on","_et_pb_old_content":"","_et_gb_content_width":"","_monsterinsights_skip_tracking":false,"_monsterinsights_sitenote_active":false,"_monsterinsights_sitenote_note":"","_monsterinsights_sitenote_category":0,"footnotes":""},"class_list":["post-202","page","type-page","status-publish","hentry"],"yoast_head":"<!-- This site is optimized with the Yoast SEO plugin v23.2 - https:\/\/yoast.com\/wordpress\/plugins\/seo\/ -->\n<title>POLITICA PROTECCION DATOS - TRANSPORTES VITRANS<\/title>\n<meta name=\"robots\" content=\"index, follow, max-snippet:-1, max-image-preview:large, max-video-preview:-1\" \/>\n<link rel=\"canonical\" href=\"https:\/\/www.transportesvitrans.com\/en\/politica-proteccion-datos\/\" \/>\n<meta property=\"og:locale\" content=\"en_GB\" \/>\n<meta property=\"og:type\" content=\"article\" \/>\n<meta property=\"og:title\" content=\"POLITICA PROTECCION DATOS - TRANSPORTES VITRANS\" \/>\n<meta property=\"og:description\" content=\"Pol\u00edtica de protecci\u00f3n de datosDatos del responsable del tratamiento:Identidad: Victor Barrio Gallo - NIF: 72047005BDirecci\u00f3n postal: C\/ Bra\u00f1avieja 12, 39212 Nestares (Cantabria)Tel\u00e9fono: 676801403 - Correo electr\u00f3nico: Info@transportesvitrans.com\u201cEn Victor Barrio Gallo tratamos la informaci\u00f3n que nos facilita con el fin de prestarles el servicio solicitado y realizar su facturaci\u00f3n. Los datos proporcionados se conservar\u00e1n mientras se [&hellip;]\" \/>\n<meta property=\"og:url\" content=\"https:\/\/www.transportesvitrans.com\/en\/politica-proteccion-datos\/\" \/>\n<meta property=\"og:site_name\" content=\"TRANSPORTES VITRANS\" \/>\n<meta property=\"article:modified_time\" content=\"2024-04-03T07:25:25+00:00\" \/>\n<meta name=\"twitter:card\" content=\"summary_large_image\" \/>\n<meta name=\"twitter:label1\" content=\"Estimated reading time\" \/>\n\t<meta name=\"twitter:data1\" content=\"3 minutes\" \/>\n<script type=\"application\/ld+json\" class=\"yoast-schema-graph\">{\"@context\":\"https:\/\/schema.org\",\"@graph\":[{\"@type\":\"WebPage\",\"@id\":\"https:\/\/www.transportesvitrans.com\/politica-proteccion-datos\/\",\"url\":\"https:\/\/www.transportesvitrans.com\/politica-proteccion-datos\/\",\"name\":\"POLITICA PROTECCION DATOS - TRANSPORTES VITRANS\",\"isPartOf\":{\"@id\":\"https:\/\/www.transportesvitrans.com\/#website\"},\"datePublished\":\"2024-01-30T11:20:10+00:00\",\"dateModified\":\"2024-04-03T07:25:25+00:00\",\"breadcrumb\":{\"@id\":\"https:\/\/www.transportesvitrans.com\/politica-proteccion-datos\/#breadcrumb\"},\"inLanguage\":\"en-GB\",\"potentialAction\":[{\"@type\":\"ReadAction\",\"target\":[\"https:\/\/www.transportesvitrans.com\/politica-proteccion-datos\/\"]}]},{\"@type\":\"BreadcrumbList\",\"@id\":\"https:\/\/www.transportesvitrans.com\/politica-proteccion-datos\/#breadcrumb\",\"itemListElement\":[{\"@type\":\"ListItem\",\"position\":1,\"name\":\"Portada\",\"item\":\"https:\/\/www.transportesvitrans.com\/\"},{\"@type\":\"ListItem\",\"position\":2,\"name\":\"POLITICA PROTECCION DATOS\"}]},{\"@type\":\"WebSite\",\"@id\":\"https:\/\/www.transportesvitrans.com\/#website\",\"url\":\"https:\/\/www.transportesvitrans.com\/\",\"name\":\"TRANSPORTES VITRANS\",\"description\":\"Empresa de transportes en Reinosa\",\"potentialAction\":[{\"@type\":\"SearchAction\",\"target\":{\"@type\":\"EntryPoint\",\"urlTemplate\":\"https:\/\/www.transportesvitrans.com\/?s={search_term_string}\"},\"query-input\":\"required name=search_term_string\"}],\"inLanguage\":\"en-GB\"}]}<\/script>\n<!-- \/ Yoast SEO plugin. -->","yoast_head_json":{"title":"POLITICA PROTECCION DATOS - TRANSPORTES VITRANS","robots":{"index":"index","follow":"follow","max-snippet":"max-snippet:-1","max-image-preview":"max-image-preview:large","max-video-preview":"max-video-preview:-1"},"canonical":"https:\/\/www.transportesvitrans.com\/en\/politica-proteccion-datos\/","og_locale":"en_GB","og_type":"article","og_title":"POLITICA PROTECCION DATOS - TRANSPORTES VITRANS","og_description":"Pol\u00edtica de protecci\u00f3n de datosDatos del responsable del tratamiento:Identidad: Victor Barrio Gallo - NIF: 72047005BDirecci\u00f3n postal: C\/ Bra\u00f1avieja 12, 39212 Nestares (Cantabria)Tel\u00e9fono: 676801403 - Correo electr\u00f3nico: Info@transportesvitrans.com\u201cEn Victor Barrio Gallo tratamos la informaci\u00f3n que nos facilita con el fin de prestarles el servicio solicitado y realizar su facturaci\u00f3n. Los datos proporcionados se conservar\u00e1n mientras se [&hellip;]","og_url":"https:\/\/www.transportesvitrans.com\/en\/politica-proteccion-datos\/","og_site_name":"TRANSPORTES VITRANS","article_modified_time":"2024-04-03T07:25:25+00:00","twitter_card":"summary_large_image","twitter_misc":{"Estimated reading time":"3 minutes"},"schema":{"@context":"https:\/\/schema.org","@graph":[{"@type":"WebPage","@id":"https:\/\/www.transportesvitrans.com\/politica-proteccion-datos\/","url":"https:\/\/www.transportesvitrans.com\/politica-proteccion-datos\/","name":"POLITICA PROTECCION DATOS - TRANSPORTES VITRANS","isPartOf":{"@id":"https:\/\/www.transportesvitrans.com\/#website"},"datePublished":"2024-01-30T11:20:10+00:00","dateModified":"2024-04-03T07:25:25+00:00","breadcrumb":{"@id":"https:\/\/www.transportesvitrans.com\/politica-proteccion-datos\/#breadcrumb"},"inLanguage":"en-GB","potentialAction":[{"@type":"ReadAction","target":["https:\/\/www.transportesvitrans.com\/politica-proteccion-datos\/"]}]},{"@type":"BreadcrumbList","@id":"https:\/\/www.transportesvitrans.com\/politica-proteccion-datos\/#breadcrumb","itemListElement":[{"@type":"ListItem","position":1,"name":"Portada","item":"https:\/\/www.transportesvitrans.com\/"},{"@type":"ListItem","position":2,"name":"POLITICA PROTECCION DATOS"}]},{"@type":"WebSite","@id":"https:\/\/www.transportesvitrans.com\/#website","url":"https:\/\/www.transportesvitrans.com\/","name":"TRANSPORTES VITRANS","description":"Empresa de transportes en Reinosa","potentialAction":[{"@type":"SearchAction","target":{"@type":"EntryPoint","urlTemplate":"https:\/\/www.transportesvitrans.com\/?s={search_term_string}"},"query-input":"required name=search_term_string"}],"inLanguage":"en-GB"}]}},"_links":{"self":[{"href":"https:\/\/www.transportesvitrans.com\/en\/wp-json\/wp\/v2\/pages\/202","targetHints":{"allow":["GET"]}}],"collection":[{"href":"https:\/\/www.transportesvitrans.com\/en\/wp-json\/wp\/v2\/pages"}],"about":[{"href":"https:\/\/www.transportesvitrans.com\/en\/wp-json\/wp\/v2\/types\/page"}],"author":[{"embeddable":true,"href":"https:\/\/www.transportesvitrans.com\/en\/wp-json\/wp\/v2\/users\/1"}],"replies":[{"embeddable":true,"href":"https:\/\/www.transportesvitrans.com\/en\/wp-json\/wp\/v2\/comments?post=202"}],"version-history":[{"count":3,"href":"https:\/\/www.transportesvitrans.com\/en\/wp-json\/wp\/v2\/pages\/202\/revisions"}],"predecessor-version":[{"id":301,"href":"https:\/\/www.transportesvitrans.com\/en\/wp-json\/wp\/v2\/pages\/202\/revisions\/301"}],"wp:attachment":[{"href":"https:\/\/www.transportesvitrans.com\/en\/wp-json\/wp\/v2\/media?parent=202"}],"curies":[{"name":"wp","href":"https:\/\/api.w.org\/{rel}","templated":true}]}}